{"id":3716,"date":"2025-08-10T10:17:41","date_gmt":"2025-08-10T09:17:41","guid":{"rendered":"https:\/\/pabilora.es\/?post_type=product&#038;p=3716"},"modified":"2025-08-10T10:59:05","modified_gmt":"2025-08-10T09:59:05","slug":"orange-of-spain","status":"publish","type":"product","link":"https:\/\/pabilora.es\/en\/shop\/orange-of-spain\/","title":{"rendered":"Orange of Spain"},"content":{"rendered":"<p data-start=\"300\" data-end=\"688\">La vela <strong data-start=\"308\" data-end=\"327\">Orange of Spain<\/strong> es una celebraci\u00f3n del aroma radiante y vibrante de las naranjas espa\u00f1olas. Su salida combina la dulzura y el punto amargo de la naranja con la frescura de la piel de lim\u00f3n, creando una sinfon\u00eda c\u00edtrica luminosa. En el coraz\u00f3n, un toque floral de rosa y fresia a\u00f1ade elegancia y equilibrio, mientras que la base de madera de cedro aporta calidez y profundidad.<\/p>\n<p data-start=\"690\" data-end=\"937\">En los d\u00edas c\u00e1lidos, su aroma se percibe incluso sin encenderla, pudiendo disfrutarla como un delicado ambientador decorativo. Al encenderla, el perfume se intensifica, llenando el espacio con la energ\u00eda soleada y jugosa de un verano mediterr\u00e1neo.<\/p>\n<hr \/>\n<h3 data-start=\"1512\" data-end=\"1537\"><strong data-start=\"1516\" data-end=\"1535\">Caracter\u00edsticas<\/strong><\/h3>\n<ul>\n<li data-start=\"1021\" data-end=\"1066\"><strong data-start=\"1021\" data-end=\"1032\">Formato<\/strong>: vela decorativa sin frasco.<\/li>\n<li data-start=\"1069\" data-end=\"1090\"><strong data-start=\"1069\" data-end=\"1080\">Volumen<\/strong>: 130 ml.<\/li>\n<li data-start=\"1093\" data-end=\"1126\"><strong data-start=\"1093\" data-end=\"1105\">Material<\/strong>: cera de soja con menos del 10% de cera mineral para mantener la forma y reducir el frosting.<\/li>\n<li data-start=\"1129\" data-end=\"1202\"><strong data-start=\"1129\" data-end=\"1138\">Aroma<\/strong>: naranja, piel de lim\u00f3n, rosa, fresia, madera de cedro.<\/li>\n<li data-start=\"1205\" data-end=\"1294\"><strong data-start=\"1205\" data-end=\"1221\">Presentaci\u00f3n<\/strong>: forma decorativa lista para usar sobre un soporte resistente al calor<\/li>\n<\/ul>\n<hr \/>\n<h3><strong>Consejos de Uso<\/strong><\/h3>\n<ul>\n<li data-start=\"1324\" data-end=\"1390\">Coloca siempre la vela sobre una superficie resistente al calor.<\/li>\n<li data-start=\"1393\" data-end=\"1471\">Evita exponerla a luz solar directa o calor excesivo para mantener su forma.<\/li>\n<li data-start=\"1474\" data-end=\"1519\">No dejes la vela encendida sin supervisi\u00f3n.<\/li>\n<li data-start=\"1522\" data-end=\"1567\">Mant\u00e9n fuera del alcance de ni\u00f1os y mascotas.<\/li>\n<\/ul>\n<hr \/>\n<h3><strong>Advertencia de Al\u00e9rgenos<\/strong><\/h3>\n<p>Esta vela puede contener <strong data-start=\"1647\" data-end=\"1679\">Allyl 3-cyclohexylpropionate<\/strong>, <strong data-start=\"1681\" data-end=\"1725\">2,4-Dimethylcyclohex-3-en-1-carbaldehyde<\/strong>, <strong data-start=\"1727\" data-end=\"1819\">[3R-(3a,3a\u00df,6a,7\u00df,8aa)]-Octahydro-3,6,8,8-tetramethyl-1H-3a,7-methanoazulen-5-yl acetate<\/strong>, compuestos que podr\u00edan provocar reacciones al\u00e9rgicas en personas sensibles. Si quieres saber m\u00e1s sobre estos compuestos y sus efectos, visita nuestra <a href=\"https:\/\/pabilora.es\/howtouse\/#:~:text=Coumarin\">secci\u00f3n de seguridad y al\u00e9rgenos<\/a>.<\/p>\n<ul>\n<li>Evita el contacto prolongado con la piel.<\/li>\n<li>Si notas alg\u00fan tipo de irritaci\u00f3n, interrumpe su uso.<\/li>\n<\/ul>\n<p>&nbsp;<\/p>\n","protected":false},"excerpt":{"rendered":"<p>Un estallido jugoso de c\u00edtricos que captura la esencia del verano en Espa\u00f1a. <strong data-start=\"205\" data-end=\"224\">Orange of Spain<\/strong> es sol, frescura y vitalidad en cada nota.<\/p>","protected":false},"featured_media":3713,"comment_status":"open","ping_status":"closed","template":"","meta":{"site-sidebar-layout":"default","site-content-layout":"","ast-site-content-layout":"default","site-content-style":"default","site-sidebar-style":"default","ast-global-header-display":"","ast-banner-title-visibility":"","ast-main-header-display":"","ast-hfb-above-header-display":"","ast-hfb-below-header-display":"","ast-hfb-mobile-header-display":"","site-post-title":"","ast-breadcrumbs-content":"","ast-featured-img":"","footer-sml-layout":"","theme-transparent-header-meta":"default","adv-header-id-meta":"","stick-header-meta":"","header-above-stick-meta":"","header-main-stick-meta":"","header-below-stick-meta":"","astra-migrate-meta-layouts":"set","ast-page-background-enabled":"default","ast-page-background-meta":{"desktop":{"background-color":"","background-image":"","background-repeat":"repeat","background-position":"center center","background-size":"auto","background-attachment":"scroll","background-type":"","background-media":"","overlay-type":"","overlay-color":"","overlay-opacity":"","overlay-gradient":""},"tablet":{"background-color":"","background-image":"","background-repeat":"repeat","background-position":"center center","background-size":"auto","background-attachment":"scroll","background-type":"","background-media":"","overlay-type":"","overlay-color":"","overlay-opacity":"","overlay-gradient":""},"mobile":{"background-color":"","background-image":"","background-repeat":"repeat","background-position":"center center","background-size":"auto","background-attachment":"scroll","background-type":"","background-media":"","overlay-type":"","overlay-color":"","overlay-opacity":"","overlay-gradient":""}},"ast-content-background-meta":{"desktop":{"background-color":"var(--ast-global-color-5)","background-image":"","background-repeat":"repeat","background-position":"center center","background-size":"auto","background-attachment":"scroll","background-type":"","background-media":"","overlay-type":"","overlay-color":"","overlay-opacity":"","overlay-gradient":""},"tablet":{"background-color":"var(--ast-global-color-5)","background-image":"","background-repeat":"repeat","background-position":"center center","background-size":"auto","background-attachment":"scroll","background-type":"","background-media":"","overlay-type":"","overlay-color":"","overlay-opacity":"","overlay-gradient":""},"mobile":{"background-color":"var(--ast-global-color-5)","background-image":"","background-repeat":"repeat","background-position":"center center","background-size":"auto","background-attachment":"scroll","background-type":"","background-media":"","overlay-type":"","overlay-color":"","overlay-opacity":"","overlay-gradient":""}}},"product_brand":[],"product_cat":[72,41],"product_tag":[],"class_list":{"0":"post-3716","1":"product","2":"type-product","3":"status-publish","4":"has-post-thumbnail","6":"product_cat-sachets","7":"product_cat-velas-de-soja","8":"desktop-align-center","9":"tablet-align-center","10":"mobile-align-center","12":"first","13":"instock","14":"taxable","15":"shipping-taxable","16":"purchasable","17":"product-type-simple"},"aioseo_notices":[],"_links":{"self":[{"href":"https:\/\/pabilora.es\/en\/wp-json\/wp\/v2\/product\/3716","targetHints":{"allow":["GET"]}}],"collection":[{"href":"https:\/\/pabilora.es\/en\/wp-json\/wp\/v2\/product"}],"about":[{"href":"https:\/\/pabilora.es\/en\/wp-json\/wp\/v2\/types\/product"}],"replies":[{"embeddable":true,"href":"https:\/\/pabilora.es\/en\/wp-json\/wp\/v2\/comments?post=3716"}],"version-history":[{"count":2,"href":"https:\/\/pabilora.es\/en\/wp-json\/wp\/v2\/product\/3716\/revisions"}],"predecessor-version":[{"id":3721,"href":"https:\/\/pabilora.es\/en\/wp-json\/wp\/v2\/product\/3716\/revisions\/3721"}],"wp:featuredmedia":[{"embeddable":true,"href":"https:\/\/pabilora.es\/en\/wp-json\/wp\/v2\/media\/3713"}],"wp:attachment":[{"href":"https:\/\/pabilora.es\/en\/wp-json\/wp\/v2\/media?parent=3716"}],"wp:term":[{"taxonomy":"product_brand","embeddable":true,"href":"https:\/\/pabilora.es\/en\/wp-json\/wp\/v2\/product_brand?post=3716"},{"taxonomy":"product_cat","embeddable":true,"href":"https:\/\/pabilora.es\/en\/wp-json\/wp\/v2\/product_cat?post=3716"},{"taxonomy":"product_tag","embeddable":true,"href":"https:\/\/pabilora.es\/en\/wp-json\/wp\/v2\/product_tag?post=3716"}],"curies":[{"name":"wp","href":"https:\/\/api.w.org\/{rel}","templated":true}]}}