{"id":3656,"date":"2025-04-25T13:14:24","date_gmt":"2025-04-25T12:14:24","guid":{"rendered":"https:\/\/pabilora.es\/?page_id=3656"},"modified":"2025-05-08T19:45:37","modified_gmt":"2025-05-08T18:45:37","slug":"hacer-velas-artesanales-en-casa","status":"publish","type":"page","link":"https:\/\/pabilora.es\/en\/blog\/hacer-velas-artesanales-en-casa\/","title":{"rendered":"Por qu\u00e9 hacemos velas en casa: nuestro camino desde la idea hasta la primera mecha"},"content":{"rendered":"<div data-elementor-type=\"wp-page\" data-elementor-id=\"3656\" class=\"elementor elementor-3656\">\n\t\t\t\t<div class=\"elementor-element elementor-element-9904914 e-flex e-con-boxed e-con e-parent\" data-id=\"9904914\" data-element_type=\"container\" data-e-type=\"container\">\n\t\t\t\t\t<div class=\"e-con-inner\">\n\t\t<div class=\"elementor-element elementor-element-00e3c0e e-con-full e-flex e-con e-child\" data-id=\"00e3c0e\" data-element_type=\"container\" data-e-type=\"container\">\n\t\t\t\t<div class=\"elementor-element elementor-element-8cbd565 elementor-widget elementor-widget-heading\" data-id=\"8cbd565\" data-element_type=\"widget\" data-e-type=\"widget\" data-widget_type=\"heading.default\">\n\t\t\t\t<div class=\"elementor-widget-container\">\n\t\t\t\t\t<h1 class=\"elementor-heading-title elementor-size-default\">Por qu\u00e9 hacemos velas en casa: nuestro camino desde la idea hasta la primera mecha<\/h1>\t\t\t\t<\/div>\n\t\t\t\t<\/div>\n\t\t\t\t<\/div>\n\t\t<div class=\"elementor-element elementor-element-dae0cc8 e-con-full e-flex e-con e-child\" data-id=\"dae0cc8\" data-element_type=\"container\" data-e-type=\"container\">\n\t\t\t\t<div class=\"elementor-element elementor-element-fe07e39 elementor-widget elementor-widget-image\" data-id=\"fe07e39\" data-element_type=\"widget\" data-e-type=\"widget\" data-widget_type=\"image.default\">\n\t\t\t\t<div class=\"elementor-widget-container\">\n\t\t\t\t\t\t\t\t\t\t\t\t\t\t\t<img fetchpriority=\"high\" decoding=\"async\" width=\"768\" height=\"512\" src=\"https:\/\/pabilora.es\/wp-content\/uploads\/2025\/04\/general2-768x512.png\" class=\"attachment-medium_large size-medium_large wp-image-3616\" alt=\"\" srcset=\"https:\/\/pabilora.es\/wp-content\/uploads\/2025\/04\/general2-768x512.png 768w, https:\/\/pabilora.es\/wp-content\/uploads\/2025\/04\/general2-300x200.png 300w, https:\/\/pabilora.es\/wp-content\/uploads\/2025\/04\/general2-1024x683.png 1024w, https:\/\/pabilora.es\/wp-content\/uploads\/2025\/04\/general2-18x12.png 18w, https:\/\/pabilora.es\/wp-content\/uploads\/2025\/04\/general2-1320x880.png 1320w, https:\/\/pabilora.es\/wp-content\/uploads\/2025\/04\/general2-600x400.png 600w, https:\/\/pabilora.es\/wp-content\/uploads\/2025\/04\/general2.png 1536w\" sizes=\"(max-width: 768px) 100vw, 768px\" \/>\t\t\t\t\t\t\t\t\t\t\t\t\t\t\t<\/div>\n\t\t\t\t<\/div>\n\t\t\t\t<\/div>\n\t\t\t\t\t<\/div>\n\t\t\t\t<\/div>\n\t\t<div class=\"elementor-element elementor-element-21e2526 e-flex e-con-boxed e-con e-parent\" data-id=\"21e2526\" data-element_type=\"container\" data-e-type=\"container\">\n\t\t\t\t\t<div class=\"e-con-inner\">\n\t\t\t\t<div class=\"elementor-element elementor-element-df709bb elementor-widget elementor-widget-text-editor\" data-id=\"df709bb\" data-element_type=\"widget\" data-e-type=\"widget\" data-widget_type=\"text-editor.default\">\n\t\t\t\t<div class=\"elementor-widget-container\">\n\t\t\t\t\t\t\t\t\t<h3 data-start=\"400\" data-end=\"439\">Una historia que nace con el tiempo<\/h3><p class=\"\" data-start=\"441\" data-end=\"773\"><img decoding=\"async\" class=\"alignleft\" src=\"https:\/\/pabilora.es\/wp-content\/uploads\/2025\/04\/IMG_1960-300x300.jpg\" alt=\"Proceso para hacer velas artesanales en casa con cera de soja\" width=\"300\" height=\"300\" \/>Nuestra aventura con las velas artesanales no comenz\u00f3 de inmediato. Nos mudamos a Espa\u00f1a en diciembre de 2022, y la idea de <strong>hacer velas artesanales en casa<\/strong> fue tomando forma durante m\u00e1s de un a\u00f1o. En realidad, ya hab\u00edamos trabajado con cera natural y aromas en Rusia, pero fue solo viviendo aqu\u00ed cuando empezamos a sentir que algo nos faltaba.<\/p><p>Ech\u00e1bamos de menos el ritual diario, los aromas envolventes, el tacto del vidrio caliente y la luz suave. Aunque en Espa\u00f1a hay muchas velas, nos costaba encontrar aquellas que realmente transmitieran emoci\u00f3n, calidez, alma. As\u00ed naci\u00f3 el deseo de crear algo propio, con sentido y sensibilidad.<\/p><p>\u00a0<\/p><h3 data-pm-slice=\"1 1 []\">Por qu\u00e9 elegimos hacer velas artesanales en casa<\/h3><p data-start=\"1096\" data-end=\"1363\"><img decoding=\"async\" class=\"alignright\" src=\"https:\/\/pabilora.es\/wp-content\/uploads\/2025\/01\/First-Kiss-225x300.jpg\" alt=\"Pabilora First Kiss scented candle in a glass jar with wild mint and cherry.\" width=\"225\" height=\"300\" \/>Elegimos la <strong>cera de soja<\/strong> por muchas razones, pero sobre todo por su <strong>naturaleza ecol\u00f3gica y su capacidad para difundir los aromas<\/strong> de forma suave y persistente. Quer\u00edamos ofrecer algo que no solo fuera bonito, sino tambi\u00e9n saludable y respetuoso con el entorno.<\/p><p>Adem\u00e1s, <strong>hacer velas artesanales en casa<\/strong> nos permite experimentar libremente, cuidar cada detalle y mantenernos fieles a nuestra visi\u00f3n.<\/p><p>Para nosotros, el aroma es una forma de comunicaci\u00f3n, una manera de contar historias sin palabras. Y la cera vegetal, bien elegida, permite que esas historias se expresen con claridad.<\/p><h3 data-start=\"1551\" data-end=\"1589\">El camino no fue f\u00e1cil (ni r\u00e1pido)<\/h3><p data-start=\"1591\" data-end=\"1912\"><img loading=\"lazy\" decoding=\"async\" class=\"alignleft\" src=\"https:\/\/pabilora.es\/wp-content\/uploads\/2025\/04\/IMG_1638-2-1-300x300.jpg\" alt=\"Proceso de fabricaci\u00f3n de velas naturales en casa\" width=\"300\" height=\"300\" \/>Desde el principio, tuvimos claro que no quer\u00edamos hacer \u201cuna vela m\u00e1s\u201d. Quer\u00edamos que cada pieza nos representara, que fuera segura, certificada, especial. Por eso, adem\u00e1s de experimentar con ceras y mechas, <strong>nos sumergimos en el mundo de la normativa, la seguridad, las etiquetas CLP<\/strong> y los ingredientes certificados.<\/p><p>Adem\u00e1s, entendimos que <strong>hacer velas artesanales en casa<\/strong> tambi\u00e9n implicaba ser exigentes con quienes nos rodeaban. Buscar proveedores fue otra historia. Muchos promet\u00edan mucho, pero la realidad no siempre estaba a la altura. <strong>Olores demasiado artificiales, ingredientes de baja calidad, envases poco cuidados\u2026<\/strong> Rechazamos mucho hasta encontrar lo que realmente encajaba con nuestros valores.<\/p><p>\u00a0<\/p><h3 data-start=\"2194\" data-end=\"2224\">El nombre que nos encontr\u00f3<\/h3><p data-start=\"2226\" data-end=\"2484\"><img loading=\"lazy\" decoding=\"async\" class=\"alignright\" src=\"https:\/\/pabilora.es\/wp-content\/uploads\/2025\/04\/IMG_2049-300x300.jpg\" alt=\"\" width=\"300\" height=\"300\" \/>Pabilora no fue el primer nombre que pensamos. De hecho, <strong>probamos muchas ideas<\/strong>, pero casi todas ya estaban registradas o no nos convenc\u00edan del todo. Hasta que una tarde, casi sin pensarlo, apareci\u00f3 esa palabra: <em>pabilo<\/em>, que en espa\u00f1ol significa \u201cmecha\u201d.<\/p><p>Nos son\u00f3 c\u00e1lida, sonora, con personalidad. Y as\u00ed naci\u00f3 <strong>Pabilora<\/strong> \u2014 un proyecto que une ra\u00edces, emociones y oficio.<\/p><h3 data-start=\"2605\" data-end=\"2639\">Seguimos haciendo todo en casa<\/h3><p data-pm-slice=\"1 1 []\">S\u00ed, seguimos <strong>fabricando nuestras velas en casa, a mano, en peque\u00f1os lotes<\/strong>. Nos gusta saber que cada pieza pasa por nuestras manos, que nada es autom\u00e1tico, que detr\u00e1s de cada vela hay tiempo, amor y atenci\u00f3n al detalle.<\/p><p>Adem\u00e1s, con el tiempo, entendimos que no queremos quedarnos solo en las velas. <strong>Los aromas merecen otras formas de vida tambi\u00e9n<\/strong>: en difusores, sprays, sachets\u2026 pero esa es otra parte del camino que ya hemos comenzado.<\/p><h3 data-start=\"3089\" data-end=\"3113\"><img loading=\"lazy\" decoding=\"async\" class=\"alignleft\" src=\"https:\/\/pabilora.es\/wp-content\/uploads\/2025\/04\/IMG_6234-225x300.jpeg\" alt=\"\" width=\"225\" height=\"300\" \/>Un producto con alma<\/h3><p data-pm-slice=\"1 1 []\">Queremos que cada persona que reciba una vela de Pabilora sienta que no est\u00e1 comprando solo un objeto, sino <strong>una historia, una emoci\u00f3n, un momento<\/strong>. Porque as\u00ed trabajamos: con alma, con intenci\u00f3n, con una pasi\u00f3n que no cabe en una l\u00ednea de producci\u00f3n.<\/p>\t\t\t\t\t\t\t\t<\/div>\n\t\t\t\t<\/div>\n\t\t\t\t<div class=\"elementor-element elementor-element-62fde18 elementor-widget-divider--view-line_icon elementor-view-default elementor-widget-divider--element-align-center elementor-widget elementor-widget-divider\" data-id=\"62fde18\" data-element_type=\"widget\" data-e-type=\"widget\" data-widget_type=\"divider.default\">\n\t\t\t\t<div class=\"elementor-widget-container\">\n\t\t\t\t\t\t\t<div class=\"elementor-divider\">\n\t\t\t<span class=\"elementor-divider-separator\">\n\t\t\t\t\t\t\t<div class=\"elementor-icon elementor-divider__element\">\n\t\t\t\t\t<svg aria-hidden=\"true\" class=\"e-font-icon-svg e-fas-store\" viewbox=\"0 0 616 512\" xmlns=\"http:\/\/www.w3.org\/2000\/svg\"><path d=\"M602 118.6L537.1 15C531.3 5.7 521 0 510 0H106C95 0 84.7 5.7 78.9 15L14 118.6c-33.5 53.5-3.8 127.9 58.8 136.4 4.5.6 9.1.9 13.7.9 29.6 0 55.8-13 73.8-33.1 18 20.1 44.3 33.1 73.8 33.1 29.6 0 55.8-13 73.8-33.1 18 20.1 44.3 33.1 73.8 33.1 29.6 0 55.8-13 73.8-33.1 18.1 20.1 44.3 33.1 73.8 33.1 4.7 0 9.2-.3 13.7-.9 62.8-8.4 92.6-82.8 59-136.4zM529.5 288c-10 0-19.9-1.5-29.5-3.8V384H116v-99.8c-9.6 2.2-19.5 3.8-29.5 3.8-6 0-12.1-.4-18-1.2-5.6-.8-11.1-2.1-16.4-3.6V480c0 17.7 14.3 32 32 32h448c17.7 0 32-14.3 32-32V283.2c-5.4 1.6-10.8 2.9-16.4 3.6-6.1.8-12.1 1.2-18.2 1.2z\"><\/path><\/svg><\/div>\n\t\t\t\t\t\t<\/span>\n\t\t<\/div>\n\t\t\t\t\t\t<\/div>\n\t\t\t\t<\/div>\n\t\t\t\t<div class=\"elementor-element elementor-element-02ef877 elementor-widget elementor-widget-text-editor\" data-id=\"02ef877\" data-element_type=\"widget\" data-e-type=\"widget\" data-widget_type=\"text-editor.default\">\n\t\t\t\t<div class=\"elementor-widget-container\">\n\t\t\t\t\t\t\t\t\t<p><strong data-start=\"3375\" data-end=\"3402\">Gracias por estar aqu\u00ed.<\/strong> Si quieres descubrir nuestras creaciones, puedes visitar la <a class=\"\" href=\"https:\/\/pabilora.es\/en\/shop\/\" rel=\"noopener\" data-start=\"3463\" data-end=\"3481\">tienda online<\/a>. Y si te ha gustado esta historia, no dudes en compartirla con alguien a quien le gusten los proyectos hechos con cari\u00f1o.<\/p>\t\t\t\t\t\t\t\t<\/div>\n\t\t\t\t<\/div>\n\t\t\t\t\t<\/div>\n\t\t\t\t<\/div>\n\t\t\t\t<\/div>","protected":false},"excerpt":{"rendered":"<p>Por qu\u00e9 hacemos velas en casa: nuestro camino desde la idea hasta la primera mecha Una historia que nace con el tiempo Nuestra aventura con las velas artesanales no comenz\u00f3 de inmediato. Nos mudamos a Espa\u00f1a en diciembre de 2022, y la idea de hacer velas artesanales en casa fue tomando forma durante m\u00e1s de [&hellip;]<\/p>\n","protected":false},"author":1,"featured_media":0,"parent":3693,"menu_order":0,"comment_status":"closed","ping_status":"closed","template":"","meta":{"site-sidebar-layout":"no-sidebar","site-content-layout":"page-builder","ast-site-content-layout":"full-width-container","site-content-style":"default","site-sidebar-style":"default","ast-global-header-display":"","ast-banner-title-visibility":"","ast-main-header-display":"","ast-hfb-above-header-display":"","ast-hfb-below-header-display":"","ast-hfb-mobile-header-display":"","site-post-title":"disabled","ast-breadcrumbs-content":"","ast-featured-img":"disabled","footer-sml-layout":"","theme-transparent-header-meta":"","adv-header-id-meta":"","stick-header-meta":"","header-above-stick-meta":"","header-main-stick-meta":"","header-below-stick-meta":"","astra-migrate-meta-layouts":"set","ast-page-background-enabled":"default","ast-page-background-meta":{"desktop":{"background-color":"","background-image":"","background-repeat":"repeat","background-position":"center center","background-size":"auto","background-attachment":"scroll","background-type":"","background-media":"","overlay-type":"","overlay-color":"","overlay-opacity":"","overlay-gradient":""},"tablet":{"background-color":"","background-image":"","background-repeat":"repeat","background-position":"center center","background-size":"auto","background-attachment":"scroll","background-type":"","background-media":"","overlay-type":"","overlay-color":"","overlay-opacity":"","overlay-gradient":""},"mobile":{"background-color":"","background-image":"","background-repeat":"repeat","background-position":"center center","background-size":"auto","background-attachment":"scroll","background-type":"","background-media":"","overlay-type":"","overlay-color":"","overlay-opacity":"","overlay-gradient":""}},"ast-content-background-meta":{"desktop":{"background-color":"var(--ast-global-color-5)","background-image":"","background-repeat":"repeat","background-position":"center center","background-size":"auto","background-attachment":"scroll","background-type":"","background-media":"","overlay-type":"","overlay-color":"","overlay-opacity":"","overlay-gradient":""},"tablet":{"background-color":"var(--ast-global-color-5)","background-image":"","background-repeat":"repeat","background-position":"center center","background-size":"auto","background-attachment":"scroll","background-type":"","background-media":"","overlay-type":"","overlay-color":"","overlay-opacity":"","overlay-gradient":""},"mobile":{"background-color":"var(--ast-global-color-5)","background-image":"","background-repeat":"repeat","background-position":"center center","background-size":"auto","background-attachment":"scroll","background-type":"","background-media":"","overlay-type":"","overlay-color":"","overlay-opacity":"","overlay-gradient":""}},"footnotes":""},"class_list":["post-3656","page","type-page","status-publish","hentry"],"aioseo_notices":[],"_links":{"self":[{"href":"https:\/\/pabilora.es\/en\/wp-json\/wp\/v2\/pages\/3656","targetHints":{"allow":["GET"]}}],"collection":[{"href":"https:\/\/pabilora.es\/en\/wp-json\/wp\/v2\/pages"}],"about":[{"href":"https:\/\/pabilora.es\/en\/wp-json\/wp\/v2\/types\/page"}],"author":[{"embeddable":true,"href":"https:\/\/pabilora.es\/en\/wp-json\/wp\/v2\/users\/1"}],"replies":[{"embeddable":true,"href":"https:\/\/pabilora.es\/en\/wp-json\/wp\/v2\/comments?post=3656"}],"version-history":[{"count":16,"href":"https:\/\/pabilora.es\/en\/wp-json\/wp\/v2\/pages\/3656\/revisions"}],"predecessor-version":[{"id":3705,"href":"https:\/\/pabilora.es\/en\/wp-json\/wp\/v2\/pages\/3656\/revisions\/3705"}],"up":[{"embeddable":true,"href":"https:\/\/pabilora.es\/en\/wp-json\/wp\/v2\/pages\/3693"}],"wp:attachment":[{"href":"https:\/\/pabilora.es\/en\/wp-json\/wp\/v2\/media?parent=3656"}],"curies":[{"name":"wp","href":"https:\/\/api.w.org\/{rel}","templated":true}]}}