{"id":3230,"date":"2024-12-29T17:33:07","date_gmt":"2024-12-29T16:33:07","guid":{"rendered":"https:\/\/pabilora.es\/?page_id=3230"},"modified":"2025-02-07T14:38:13","modified_gmt":"2025-02-07T13:38:13","slug":"contact","status":"publish","type":"page","link":"https:\/\/pabilora.es\/en\/contact\/","title":{"rendered":"Contact"},"content":{"rendered":"<p>\u00bfTienes alguna pregunta sobre nuestros productos o necesitas asistencia? \u00a1Estamos aqu\u00ed para ayudarte!<\/p>\n<p>En\u00a0<strong>Pabilora<\/strong>\u00a0nos apasiona brindarte la mejor experiencia con nuestras velas arom\u00e1ticas. Si tienes dudas, comentarios o simplemente deseas conocer m\u00e1s sobre nuestros productos, \u00a1no dudes en escribirnos!<\/p>\n\n<div class=\"wpforms-container wpforms-block wpforms-block-38dd39eb-14ca-4b95-907c-7d0a0a44adb9 wpforms-render-modern\" id=\"wpforms-2068\"><form id=\"wpforms-form-2068\" class=\"wpforms-validate wpforms-form wpforms-ajax-form\" data-formid=\"2068\" method=\"post\" enctype=\"multipart\/form-data\" action=\"\/en\/wp-json\/wp\/v2\/pages\/3230\" data-token=\"e4a28ade3a020dbae9cf9a6eea5d4fe7\" data-token-time=\"1775462276\"><noscript class=\"wpforms-error-noscript\">Please enable JavaScript in your browser to complete this form.<\/noscript><div id=\"wpforms-error-noscript\" style=\"display: none;\">Please enable JavaScript in your browser to complete this form.<\/div><div class=\"wpforms-field-container\"><div id=\"wpforms-2068-field_0-container\" class=\"wpforms-field wpforms-field-name\" data-field-id=\"0\"><label class=\"wpforms-field-label wpforms-label-hide\" for=\"wpforms-2068-field_0\" aria-hidden=\"false\">Nombre <span class=\"wpforms-required-label\" aria-hidden=\"true\">*<\/span><\/label><input type=\"text\" id=\"wpforms-2068-field_0\" class=\"wpforms-field-small wpforms-field-required\" name=\"wpforms[fields][0]\" placeholder=\"Nombre\" aria-errormessage=\"wpforms-2068-field_0-error\" required><\/div>\t\t<div id=\"wpforms-2068-field_4-container\"\n\t\t\tclass=\"wpforms-field wpforms-field-text\"\n\t\t\tdata-field-type=\"text\"\n\t\t\tdata-field-id=\"4\"\n\t\t\t>\n\t\t\t<label class=\"wpforms-field-label\" for=\"wpforms-2068-field_4\" >Mensaje GDPR Nombre<\/label>\n\t\t\t<input type=\"text\" id=\"wpforms-2068-field_4\" class=\"wpforms-field-medium\" name=\"wpforms[fields][4]\" >\n\t\t<\/div>\n\t\t<div id=\"wpforms-2068-field_1-container\" class=\"wpforms-field wpforms-field-email\" data-field-id=\"1\"><label class=\"wpforms-field-label wpforms-label-hide\" for=\"wpforms-2068-field_1\" aria-hidden=\"false\">Email <span class=\"wpforms-required-label\" aria-hidden=\"true\">*<\/span><\/label><input type=\"email\" id=\"wpforms-2068-field_1\" class=\"wpforms-field-small wpforms-field-required\" name=\"wpforms[fields][1]\" placeholder=\"Email\" spellcheck=\"false\" aria-errormessage=\"wpforms-2068-field_1-error\" required><\/div><div id=\"wpforms-2068-field_2-container\" class=\"wpforms-field wpforms-field-textarea\" data-field-id=\"2\"><label class=\"wpforms-field-label wpforms-label-hide\" for=\"wpforms-2068-field_2\" aria-hidden=\"false\">Mensaje <span class=\"wpforms-required-label\" aria-hidden=\"true\">*<\/span><\/label><textarea id=\"wpforms-2068-field_2\" class=\"wpforms-field-small wpforms-field-required\" name=\"wpforms[fields][2]\" placeholder=\"A\u00f1ade un comentario\" aria-errormessage=\"wpforms-2068-field_2-error\" required><\/textarea><\/div><div id=\"wpforms-2068-field_3-container\" class=\"wpforms-field wpforms-field-gdpr-checkbox\" data-field-id=\"3\"><label class=\"wpforms-field-label wpforms-label-hide\" aria-hidden=\"false\">GDPR <span class=\"wpforms-required-label\" aria-hidden=\"true\">*<\/span><\/label><ul id=\"wpforms-2068-field_3\" class=\"wpforms-field-required\"><li class=\"choice-1\"><input type=\"checkbox\" id=\"wpforms-2068-field_3_1\" name=\"wpforms[fields][3][]\" value=\"He le\u00eddo y acepto la pol\u00edtica de privacidad.\" aria-errormessage=\"wpforms-2068-field_3_1-error\" required ><label class=\"wpforms-field-label-inline\" for=\"wpforms-2068-field_3_1\">He le\u00eddo y acepto la pol\u00edtica de privacidad. <span class=\"wpforms-required-label\" aria-hidden=\"true\">*<\/span><\/label><\/li><\/ul><\/div><script>\n\t\t\t\t( function() {\n\t\t\t\t\tconst style = document.createElement( 'style' );\n\t\t\t\t\tstyle.appendChild( document.createTextNode( '#wpforms-2068-field_4-container { position: absolute !important; overflow: hidden !important; display: inline !important; height: 1px !important; width: 1px !important; z-index: -1000 !important; padding: 0 !important; } #wpforms-2068-field_4-container input { visibility: hidden; } #wpforms-conversational-form-page #wpforms-2068-field_4-container label { counter-increment: none; }' ) );\n\t\t\t\t\tdocument.head.appendChild( style );\n\t\t\t\t\tdocument.currentScript?.remove();\n\t\t\t\t} )();\n\t\t\t<\/script><\/div><!-- .wpforms-field-container --><div class=\"wpforms-submit-container\" ><input type=\"hidden\" name=\"wpforms[id]\" value=\"2068\"><input type=\"hidden\" name=\"page_title\" value=\"\"><input type=\"hidden\" name=\"page_url\" value=\"https:\/\/pabilora.es\/en\/wp-json\/wp\/v2\/pages\/3230\"><input type=\"hidden\" name=\"url_referer\" value=\"\"><button type=\"submit\" name=\"wpforms[submit]\" id=\"wpforms-submit-2068\" class=\"wpforms-submit\" data-alt-text=\"\u2026\" data-submit-text=\"Enviar\" aria-live=\"assertive\" value=\"wpforms-submit\">Enviar<\/button><img decoding=\"async\" src=\"https:\/\/pabilora.es\/wp-content\/plugins\/wpforms-lite\/assets\/images\/submit-spin.svg\" class=\"wpforms-submit-spinner\" style=\"display: none;\" width=\"26\" height=\"26\" alt=\"Loading\"><\/div><\/form><\/div>  <!-- .wpforms-container -->\n\n<ul>\n<li>Si prefieres enviarnos un correo directo, escr\u00edbenos a:\u00a0<a href=\"mailto:support@pabilora.es\" target=\"_blank\" rel=\"noopener\">support@pabilora.es<\/a><\/li>\n<li>Si deseas una atenci\u00f3n m\u00e1s directa, escr\u00edbenos un mensaje directo en nuestros redes sociales\n<ul>\n<li>Instagram: <a href=\"https:\/\/www.instagram.com\/pabilora.candle\/\" target=\"_blank\" rel=\"noopener\">@pabilora.candle<\/a><\/li>\n<li><a href=\"https:\/\/wa.me\/message\/Z7JUUW7KFLETA1\" target=\"_blank\" rel=\"noopener\">WhatsApp<\/a><\/li>\n<li><a href=\"https:\/\/t.me\/Pabilora\" target=\"_blank\" rel=\"noopener\">Telegram<\/a><\/li>\n<\/ul>\n<\/li>\n<li>Atendemos de lunes a viernes de 9:00 a 18:00.<\/li>\n<\/ul>\n\n\n<p><\/p>\n","protected":false},"excerpt":{"rendered":"<p>\u00bfTienes alguna pregunta sobre nuestros productos o necesitas asistencia? \u00a1Estamos aqu\u00ed para ayudarte! En\u00a0Pabilora\u00a0nos apasiona brindarte la mejor experiencia con nuestras velas arom\u00e1ticas. Si tienes dudas, comentarios o simplemente deseas conocer m\u00e1s sobre nuestros productos, \u00a1no dudes en escribirnos! Si prefieres enviarnos un correo directo, escr\u00edbenos a:\u00a0support@pabilora.es Si deseas una atenci\u00f3n m\u00e1s directa, escr\u00edbenos un [&hellip;]<\/p>\n","protected":false},"author":1,"featured_media":0,"parent":0,"menu_order":0,"comment_status":"closed","ping_status":"closed","template":"","meta":{"site-sidebar-layout":"default","site-content-layout":"","ast-site-content-layout":"default","site-content-style":"default","site-sidebar-style":"default","ast-global-header-display":"","ast-banner-title-visibility":"","ast-main-header-display":"","ast-hfb-above-header-display":"","ast-hfb-below-header-display":"","ast-hfb-mobile-header-display":"","site-post-title":"","ast-breadcrumbs-content":"","ast-featured-img":"","footer-sml-layout":"","theme-transparent-header-meta":"","adv-header-id-meta":"","stick-header-meta":"","header-above-stick-meta":"","header-main-stick-meta":"","header-below-stick-meta":"","astra-migrate-meta-layouts":"set","ast-page-background-enabled":"default","ast-page-background-meta":{"desktop":{"background-color":"","background-image":"","background-repeat":"repeat","background-position":"center center","background-size":"auto","background-attachment":"scroll","background-type":"","background-media":"","overlay-type":"","overlay-color":"","overlay-opacity":"","overlay-gradient":""},"tablet":{"background-color":"","background-image":"","background-repeat":"repeat","background-position":"center center","background-size":"auto","background-attachment":"scroll","background-type":"","background-media":"","overlay-type":"","overlay-color":"","overlay-opacity":"","overlay-gradient":""},"mobile":{"background-color":"","background-image":"","background-repeat":"repeat","background-position":"center center","background-size":"auto","background-attachment":"scroll","background-type":"","background-media":"","overlay-type":"","overlay-color":"","overlay-opacity":"","overlay-gradient":""}},"ast-content-background-meta":{"desktop":{"background-color":"var(--ast-global-color-5)","background-image":"","background-repeat":"repeat","background-position":"center center","background-size":"auto","background-attachment":"scroll","background-type":"","background-media":"","overlay-type":"","overlay-color":"","overlay-opacity":"","overlay-gradient":""},"tablet":{"background-color":"var(--ast-global-color-5)","background-image":"","background-repeat":"repeat","background-position":"center center","background-size":"auto","background-attachment":"scroll","background-type":"","background-media":"","overlay-type":"","overlay-color":"","overlay-opacity":"","overlay-gradient":""},"mobile":{"background-color":"var(--ast-global-color-5)","background-image":"","background-repeat":"repeat","background-position":"center center","background-size":"auto","background-attachment":"scroll","background-type":"","background-media":"","overlay-type":"","overlay-color":"","overlay-opacity":"","overlay-gradient":""}},"footnotes":""},"class_list":["post-3230","page","type-page","status-publish","hentry"],"aioseo_notices":[],"_links":{"self":[{"href":"https:\/\/pabilora.es\/en\/wp-json\/wp\/v2\/pages\/3230","targetHints":{"allow":["GET"]}}],"collection":[{"href":"https:\/\/pabilora.es\/en\/wp-json\/wp\/v2\/pages"}],"about":[{"href":"https:\/\/pabilora.es\/en\/wp-json\/wp\/v2\/types\/page"}],"author":[{"embeddable":true,"href":"https:\/\/pabilora.es\/en\/wp-json\/wp\/v2\/users\/1"}],"replies":[{"embeddable":true,"href":"https:\/\/pabilora.es\/en\/wp-json\/wp\/v2\/comments?post=3230"}],"version-history":[{"count":5,"href":"https:\/\/pabilora.es\/en\/wp-json\/wp\/v2\/pages\/3230\/revisions"}],"predecessor-version":[{"id":3381,"href":"https:\/\/pabilora.es\/en\/wp-json\/wp\/v2\/pages\/3230\/revisions\/3381"}],"wp:attachment":[{"href":"https:\/\/pabilora.es\/en\/wp-json\/wp\/v2\/media?parent=3230"}],"curies":[{"name":"wp","href":"https:\/\/api.w.org\/{rel}","templated":true}]}}